{"id":596,"date":"2018-08-07T10:04:47","date_gmt":"2018-08-07T08:04:47","guid":{"rendered":"https:\/\/www.ib-un.de\/?page_id=596"},"modified":"2018-08-14T16:24:27","modified_gmt":"2018-08-14T14:24:27","slug":"career","status":"publish","type":"page","link":"https:\/\/www.ib-un.de\/en\/career\/","title":{"rendered":"Career"},"content":{"rendered":"<p>[vc_row full_width=&#8221;stretch_row_content_no_spaces&#8221; el_class=&#8221;relative stage-subpages&#8221;][vc_column][vc_raw_html el_class=&#8221;subpage-headline&#8221;]JTNDaDElM0UlMEFLYXJyaWVyZSUwQSUzQyUyRmgxJTNFJTBBJTNDZGl2JTIwY2xhc3MlM0QlMjJzdWJoZWFkbGluZSUyMiUzRSUwQVplaXQlMjBmJUMzJUJDciUyMG5ldWUlMjBBdWZnYWJlbiUwQSUzQyUyRmRpdiUzRQ==[\/vc_raw_html][vc_single_image image=&#8221;393&#8243; img_size=&#8221;full&#8221; el_class=&#8221;desktop-only&#8221;][vc_single_image image=&#8221;436&#8243; img_size=&#8221;full&#8221; el_class=&#8221;mobile-only&#8221;][\/vc_column][\/vc_row][vc_row css=&#8221;.vc_custom_1529926556904{padding-top: 50px !important;padding-right: 0px !important;padding-bottom: 15px !important;padding-left: 0px !important;}&#8221;][vc_column][vc_row_inner el_class=&#8221;max-width relative&#8221;][vc_column_inner][vc_custom_heading text=&#8221;Ihre Chance f\u00fcr den n\u00e4chsten Karriereschritt&#8221; use_theme_fonts=&#8221;yes&#8221;][vc_column_text]Innovative Techniken und Ideen haben das Ingenieurb\u00fcro Uwe Neubauer zu einem f\u00fchrenden Unternehmen im Bereich der Automatisierung gemacht. Profitieren Sie von unserem Wachstum und werden Sie Teil eines engagierten und motivierten Teams.[\/vc_column_text][vc_column_text]<strong>Wir suchen zum baldm\u00f6glichsten Eintritt einen:<\/strong>[\/vc_column_text][\/vc_column_inner][\/vc_row_inner][\/vc_column][\/vc_row][vc_row el_class=&#8221;padding&#8221; css=&#8221;.vc_custom_1528981644506{background-color: #e8e8e8 !important;}&#8221;][vc_column][vc_row_inner el_class=&#8221;max-width relative&#8221;][vc_column_inner][vc_custom_heading text=&#8221;&gt; Elektriker oder Elektrotechniker (m\/w)&#8221; font_container=&#8221;tag:div|text_align:left&#8221; use_theme_fonts=&#8221;yes&#8221; link=&#8221;url:%2F%3Fpage_id%3D533|&#8221; el_class=&#8221;link-job-application&#8221;][\/vc_column_inner][\/vc_row_inner][\/vc_column][\/vc_row][vc_row el_class=&#8221;padding&#8221;][vc_column][vc_row_inner el_class=&#8221;max-width relative&#8221;][vc_column_inner][vc_custom_heading text=&#8221;Initiativbewerbungen&#8221; use_theme_fonts=&#8221;yes&#8221;][vc_column_text]Sie haben in unserer Stellenb\u00f6rse keine f\u00fcr Sie relevante Ausschreibung gefunden? Kein Problem. Zeigen Sie uns gerne, was Sie k\u00f6nnen. Wir sind offen f\u00fcr Neues.<\/p>\n<p>Initiativbewerbungen und allgemeine Anfragen bez\u00fcglich einer m\u00f6glichen T\u00e4tigkeitsaufnahme in unserem Unternehmen richten Sie bitte an:<\/p>\n<p>Ingenieurb\u00fcro Uwe Neubauer<br \/>\nHerr Uwe Neubauer<br \/>\nSteinr\u00e4um 20<br \/>\n96524 F\u00f6ritz<\/p>\n<p><strong>Tel.:<\/strong> 0 36 75 &#8211; 42 666 &#8211; 100<br \/>\n<strong>Fax:<\/strong> 0 36 75 &#8211; 42 666 &#8211; 200<br \/>\n<strong>email:<\/strong> un@ib-un.de[\/vc_column_text][\/vc_column_inner][\/vc_row_inner][\/vc_column][\/vc_row][vc_row full_width=&#8221;stretch_row_content_no_spaces&#8221; el_class=&#8221;ref-logos&#8221;][vc_column][vc_raw_html]JTVCc2xpZGUtYW55dGhpbmclMjBpZCUzRCUyMjE3NSUyMiU1RA==[\/vc_raw_html][\/vc_column][\/vc_row]<\/p>\n","protected":false},"excerpt":{"rendered":"<p>[vc_row full_width=&#8221;stretch_row_content_no_spaces&#8221; el_class=&#8221;relative stage-subpages&#8221;][vc_column][vc_raw_html el_class=&#8221;subpage-headline&#8221;]JTNDaDElM0UlMEFLYXJyaWVyZSUwQSUzQyUyRmgxJTNFJTBBJTNDZGl2JTIwY2xhc3MlM0QlMjJzdWJoZWFkbGluZSUyMiUzRSUwQVplaXQlMjBmJUMzJUJDciUyMG5ldWUlMjBBdWZnYWJlbiUwQSUzQyUyRmRpdiUzRQ==[\/vc_raw_html][vc_single_image image=&#8221;393&#8243; img_size=&#8221;full&#8221; el_class=&#8221;desktop-only&#8221;][vc_single_image image=&#8221;436&#8243; img_size=&#8221;full&#8221; el_class=&#8221;mobile-only&#8221;][\/vc_column][\/vc_row][vc_row css=&#8221;.vc_custom_1529926556904{padding-top: 50px !important;padding-right: 0px !important;padding-bottom: 15px !important;padding-left: 0px !important;}&#8221;][vc_column][vc_row_inner el_class=&#8221;max-width relative&#8221;][vc_column_inner][vc_custom_heading text=&#8221;Ihre Chance f\u00fcr den n\u00e4chsten Karriereschritt&#8221; use_theme_fonts=&#8221;yes&#8221;][vc_column_text]Innovative Techniken und Ideen haben das Ingenieurb\u00fcro Uwe Neubauer zu einem f\u00fchrenden Unternehmen im Bereich der Automatisierung gemacht. Profitieren Sie von unserem Wachstum und werden Sie Teil [&hellip;]<\/p>\n","protected":false},"author":6,"featured_media":0,"parent":0,"menu_order":0,"comment_status":"closed","ping_status":"closed","template":"","meta":[],"_links":{"self":[{"href":"https:\/\/www.ib-un.de\/en\/wp-json\/wp\/v2\/pages\/596"}],"collection":[{"href":"https:\/\/www.ib-un.de\/en\/wp-json\/wp\/v2\/pages"}],"about":[{"href":"https:\/\/www.ib-un.de\/en\/wp-json\/wp\/v2\/types\/page"}],"author":[{"embeddable":true,"href":"https:\/\/www.ib-un.de\/en\/wp-json\/wp\/v2\/users\/6"}],"replies":[{"embeddable":true,"href":"https:\/\/www.ib-un.de\/en\/wp-json\/wp\/v2\/comments?post=596"}],"version-history":[{"count":2,"href":"https:\/\/www.ib-un.de\/en\/wp-json\/wp\/v2\/pages\/596\/revisions"}],"predecessor-version":[{"id":598,"href":"https:\/\/www.ib-un.de\/en\/wp-json\/wp\/v2\/pages\/596\/revisions\/598"}],"wp:attachment":[{"href":"https:\/\/www.ib-un.de\/en\/wp-json\/wp\/v2\/media?parent=596"}],"curies":[{"name":"wp","href":"https:\/\/api.w.org\/{rel}","templated":true}]}}